{"id":26,"date":"2013-01-24T12:14:34","date_gmt":"2013-01-24T11:14:34","guid":{"rendered":"http:\/\/www.patriciabonal.com\/?page_id=26"},"modified":"2017-11-26T18:11:35","modified_gmt":"2017-11-26T17:11:35","slug":"galerie-photos-monotypes","status":"publish","type":"page","link":"https:\/\/www.patriciavasseur.com\/?page_id=26","title":{"rendered":"Monotypes"},"content":{"rendered":"\n<p>&nbsp;<\/p>\n<p>Note d&rsquo;intention de Patricia Bonal<\/p>\n<p>Les monotypes de Territoires insoumis sont le fruit d&rsquo;un lent processus cr\u00e9ateur qu&rsquo;il est\u00a0n\u00e9cessaire d&rsquo;\u00e9voquer pour bien les comprendre.<br \/>\nJ&rsquo;ai longtemps dessin\u00e9 et peint le corps humain, et particuli\u00e8rement ses modifications, les\u00a0accidents de la vie, les visages d\u00e9charn\u00e9s, la vieillesse. Cette profonde transformation du\u00a0physique \u00e0 l&rsquo;approche de la fin, l&rsquo;\u00e9mergence progressive et fascinante de ce qui pourrait\u00a0\u00eatre d\u00e9fini comme le corps ultime.<\/p>\n<p>Puis s&rsquo;est produit un glissement de cette recherche et je me suis int\u00e9ress\u00e9e au\u00a0vieillissement des arbres. Aux traces de vie, aux stigmates, \u00e9corchures des arbres.\u00a0Puis \u00e0 l&rsquo;\u00e9corce, \u00e0 la vie de l&rsquo;arbre, \u00e0 sa pr\u00e9sence obstin\u00e9e.<\/p>\n<p>C&rsquo;est \u00e0 ce moment qu&rsquo;est n\u00e9e cette s\u00e9rie de monotypes. Tout de suite et de fa\u00e7on\u00a0spontan\u00e9e deux exigences se sont impos\u00e9es\u00a0: le besoin de les regrouper dans un livre et\u00a0le format, 13&#215;32 vertical car il \u00e9tait le mieux \u00e0 m\u00eame de rendre compte de fa\u00e7on id\u00e9ale du\u00a0mouvement, de l&rsquo;\u00e9l\u00e9vation, des transformations de l&rsquo;arbre et des \u00e9corces.<\/p>\n<p>J&rsquo;ai donc r\u00e9alis\u00e9 24 monotypes de ce format sur papier japon.\u00a0Une fois l&rsquo;ensemble achev\u00e9, j&rsquo;ai ressenti le besoin de mots. Pas de didascalies, de\u00a0commentaires ou de titres. Plut\u00f4t un aller-retour entre mots et \u0153uvres. Des sortes de\u00a0respiration. Des textes en mesure de susciter un espace nouveau, fait de l\u00e9g\u00e8ret\u00e9, de\u00a0densit\u00e9 et d&rsquo;une grande libert\u00e9.<\/p>\n<p>C&rsquo;est ainsi que ces territoires sont apparus \u00e0 notre vue. On pourrait dire \u00e9galement\u00a0: c&rsquo;est\u00a0ainsi que nous sommes apparus \u00e0 ces territoires.<\/p>\n","protected":false},"excerpt":{"rendered":"<p>&nbsp; Note d&rsquo;intention de Patricia Bonal Les monotypes de Territoires insoumis sont le fruit d&rsquo;un lent processus cr\u00e9ateur qu&rsquo;il est\u00a0n\u00e9cessaire d&rsquo;\u00e9voquer pour bien les comprendre. J&rsquo;ai longtemps dessin\u00e9 et peint le corps humain, et particuli\u00e8rement ses modifications, les\u00a0accidents de la vie, les visages d\u00e9charn\u00e9s, la vieillesse. Cette profonde transformation du\u00a0physique \u00e0 l&rsquo;approche de la fin, l&rsquo;\u00e9mergence progressive et fascinante de ce qui pourrait\u00a0\u00eatre d\u00e9fini comme le corps ultime. Puis s&rsquo;est&hellip;<\/p>\n","protected":false},"author":2,"featured_media":0,"parent":201,"menu_order":2,"comment_status":"open","ping_status":"open","template":"","meta":{"footnotes":""},"class_list":["post-26","page","type-page","status-publish","hentry","no-post-thumbnail"],"_links":{"self":[{"href":"https:\/\/www.patriciavasseur.com\/index.php?rest_route=\/wp\/v2\/pages\/26","targetHints":{"allow":["GET"]}}],"collection":[{"href":"https:\/\/www.patriciavasseur.com\/index.php?rest_route=\/wp\/v2\/pages"}],"about":[{"href":"https:\/\/www.patriciavasseur.com\/index.php?rest_route=\/wp\/v2\/types\/page"}],"author":[{"embeddable":true,"href":"https:\/\/www.patriciavasseur.com\/index.php?rest_route=\/wp\/v2\/users\/2"}],"replies":[{"embeddable":true,"href":"https:\/\/www.patriciavasseur.com\/index.php?rest_route=%2Fwp%2Fv2%2Fcomments&post=26"}],"version-history":[{"count":1,"href":"https:\/\/www.patriciavasseur.com\/index.php?rest_route=\/wp\/v2\/pages\/26\/revisions"}],"predecessor-version":[{"id":378,"href":"https:\/\/www.patriciavasseur.com\/index.php?rest_route=\/wp\/v2\/pages\/26\/revisions\/378"}],"up":[{"embeddable":true,"href":"https:\/\/www.patriciavasseur.com\/index.php?rest_route=\/wp\/v2\/pages\/201"}],"wp:attachment":[{"href":"https:\/\/www.patriciavasseur.com\/index.php?rest_route=%2Fwp%2Fv2%2Fmedia&parent=26"}],"curies":[{"name":"wp","href":"https:\/\/api.w.org\/{rel}","templated":true}]}}